{"id":310,"date":"2023-10-30T08:14:13","date_gmt":"2023-10-30T06:14:13","guid":{"rendered":"http:\/\/reiterermarangoni2015.wp.local\/de\/?page_id=310"},"modified":"2023-12-20T13:41:34","modified_gmt":"2023-12-20T11:41:34","slug":"impressum","status":"publish","type":"page","link":"https:\/\/www.reiterer-marangoni.it\/de\/impressum\/","title":{"rendered":"Impressum"},"content":{"rendered":"<h2>Gesch\u00e4ftssitz<\/h2>\n<p>Rechtsanwaltssoziet\u00e4t Reiterer &amp; Marangoni<br \/>\nLeonardo da Vinci Stra\u00dfe 20B<br \/>\nI-39100 Bozen (BZ), Italien<\/p>\n<p>Tel: +39 0471 970448<br \/>\nFax: +39 0471 309105<br \/>\nE-Mail: <a href=\"mailto:info@reiterer-marangoni.it\">info@reiterer-marangoni.it<\/a><\/p>\n<p><strong>MwSt.-Nr.:<\/strong> IT02630610216<\/p>\n<p><strong>Verantwortlich f\u00fcr den Inhalt:<\/strong> Rechtsanwaltssoziet\u00e4t Reiterer &amp; Marangoni<br \/>\n<strong>Konzept &amp; Webdesign: <\/strong><a href=\"http:\/\/www.n-project.com\" target=\"_blank\" rel=\"noopener\">n!project<\/a><br \/>\n<strong>Fotografie: <\/strong>Elisabeth H\u00f6lzl<\/p>\n<h2><\/h2>\n<h2>Haftung<\/h2>\n<p>Trotz sorgf\u00e4ltiger inhaltlicher Kontrolle \u00fcbernehmen wir keine Haftung f\u00fcr die Inhalte externer Links. F\u00fcr den Inhalt der verlinkten Seiten sind ausschlie\u00dflich deren Betreiber:innen verantwortlich.<\/p>\n<p>Die Dokumente, Bilder, Marken und s\u00e4mtliche auf dieser Homepage ver\u00f6ffentlichten und wiedergegebenen Inhalte stehen, unbeschadet m\u00f6glicher Hinweise auf die Rechte Dritter, im exklusiven Eigentum der Rechtsanwaltssoziet\u00e4t Reiterer &amp; Marangoni. Es kommen die Gesetze zum Schutz der Immaterialg\u00fcter zur Anwendung.<\/p>\n","protected":false},"excerpt":{"rendered":"<p>Gesch\u00e4ftssitz Rechtsanwaltssoziet\u00e4t Reiterer &amp; Marangoni Leonardo da Vinci Stra\u00dfe 20B I-39100 Bozen (BZ), Italien Tel: +39 0471 970448 Fax: +39 0471 309105 E-Mail: info@reiterer-marangoni.it MwSt.-Nr.: IT02630610216 Verantwortlich f\u00fcr den Inhalt: Rechtsanwaltssoziet\u00e4t Reiterer &amp; Marangoni Konzept &amp; Webdesign: n!project Fotografie: Elisabeth H\u00f6lzl Haftung Trotz sorgf\u00e4ltiger inhaltlicher [&hellip;]<\/p>\n","protected":false},"author":1,"featured_media":0,"parent":0,"menu_order":0,"comment_status":"closed","ping_status":"closed","template":"","meta":{"_acf_changed":false,"footnotes":""},"acf":[],"yoast_head":"<!-- This site is optimized with the Yoast SEO plugin v22.5 - https:\/\/yoast.com\/wordpress\/plugins\/seo\/ -->\n<title>Impressum - Reiterer &amp; Marangoni<\/title>\n<meta name=\"description\" content=\"Sitz &amp; Verantwortlichkeit f\u00fcr den Inhalt: Rechtsanwaltssoziet\u00e4t Reiterer &amp; MarangoniLeonardo da Vinci Stra\u00dfe 20BI-39100 Bozen (BZ)\" \/>\n<meta name=\"robots\" content=\"index, follow, max-snippet:-1, max-image-preview:large, max-video-preview:-1\" \/>\n<link rel=\"canonical\" href=\"https:\/\/www.reiterer-marangoni.it\/de\/impressum\/\" \/>\n<meta property=\"og:locale\" content=\"de_DE\" \/>\n<meta property=\"og:type\" content=\"article\" \/>\n<meta property=\"og:title\" content=\"Impressum - Reiterer &amp; Marangoni\" \/>\n<meta property=\"og:description\" content=\"Sitz &amp; Verantwortlichkeit f\u00fcr den Inhalt: Rechtsanwaltssoziet\u00e4t Reiterer &amp; MarangoniLeonardo da Vinci Stra\u00dfe 20BI-39100 Bozen (BZ)\" \/>\n<meta property=\"og:url\" content=\"https:\/\/www.reiterer-marangoni.it\/de\/impressum\/\" \/>\n<meta property=\"og:site_name\" content=\"Reiterer &amp; Marangoni\" \/>\n<meta property=\"article:modified_time\" content=\"2023-12-20T11:41:34+00:00\" \/>\n<meta name=\"twitter:card\" content=\"summary_large_image\" \/>\n<meta name=\"twitter:label1\" content=\"Est. reading time\" \/>\n\t<meta name=\"twitter:data1\" content=\"1 Minute\" \/>\n<script type=\"application\/ld+json\" class=\"yoast-schema-graph\">{\"@context\":\"https:\/\/schema.org\",\"@graph\":[{\"@type\":\"WebPage\",\"@id\":\"https:\/\/www.reiterer-marangoni.it\/de\/impressum\/\",\"url\":\"https:\/\/www.reiterer-marangoni.it\/de\/impressum\/\",\"name\":\"Impressum - Reiterer &amp; Marangoni\",\"isPartOf\":{\"@id\":\"https:\/\/www.reiterer-marangoni.it\/it\/#website\"},\"datePublished\":\"2023-10-30T06:14:13+00:00\",\"dateModified\":\"2023-12-20T11:41:34+00:00\",\"description\":\"Sitz & Verantwortlichkeit f\u00fcr den Inhalt: Rechtsanwaltssoziet\u00e4t Reiterer & MarangoniLeonardo da Vinci Stra\u00dfe 20BI-39100 Bozen (BZ)\",\"breadcrumb\":{\"@id\":\"https:\/\/www.reiterer-marangoni.it\/de\/impressum\/#breadcrumb\"},\"inLanguage\":\"de-DE\",\"potentialAction\":[{\"@type\":\"ReadAction\",\"target\":[\"https:\/\/www.reiterer-marangoni.it\/de\/impressum\/\"]}]},{\"@type\":\"BreadcrumbList\",\"@id\":\"https:\/\/www.reiterer-marangoni.it\/de\/impressum\/#breadcrumb\",\"itemListElement\":[{\"@type\":\"ListItem\",\"position\":1,\"name\":\"Home\",\"item\":\"https:\/\/www.reiterer-marangoni.it\/de\/\"},{\"@type\":\"ListItem\",\"position\":2,\"name\":\"Impressum\"}]},{\"@type\":\"WebSite\",\"@id\":\"https:\/\/www.reiterer-marangoni.it\/it\/#website\",\"url\":\"https:\/\/www.reiterer-marangoni.it\/it\/\",\"name\":\"Reiterer &amp; Marangoni\",\"description\":\"Rechtsanw\u00e4lte\",\"potentialAction\":[{\"@type\":\"SearchAction\",\"target\":{\"@type\":\"EntryPoint\",\"urlTemplate\":\"https:\/\/www.reiterer-marangoni.it\/it\/?s={search_term_string}\"},\"query-input\":\"required name=search_term_string\"}],\"inLanguage\":\"de-DE\"}]}<\/script>\n<!-- \/ Yoast SEO plugin. -->","yoast_head_json":{"title":"Impressum - Reiterer &amp; Marangoni","description":"Sitz & Verantwortlichkeit f\u00fcr den Inhalt: Rechtsanwaltssoziet\u00e4t Reiterer & MarangoniLeonardo da Vinci Stra\u00dfe 20BI-39100 Bozen (BZ)","robots":{"index":"index","follow":"follow","max-snippet":"max-snippet:-1","max-image-preview":"max-image-preview:large","max-video-preview":"max-video-preview:-1"},"canonical":"https:\/\/www.reiterer-marangoni.it\/de\/impressum\/","og_locale":"de_DE","og_type":"article","og_title":"Impressum - Reiterer &amp; Marangoni","og_description":"Sitz & Verantwortlichkeit f\u00fcr den Inhalt: Rechtsanwaltssoziet\u00e4t Reiterer & MarangoniLeonardo da Vinci Stra\u00dfe 20BI-39100 Bozen (BZ)","og_url":"https:\/\/www.reiterer-marangoni.it\/de\/impressum\/","og_site_name":"Reiterer &amp; Marangoni","article_modified_time":"2023-12-20T11:41:34+00:00","twitter_card":"summary_large_image","twitter_misc":{"Est. reading time":"1 Minute"},"schema":{"@context":"https:\/\/schema.org","@graph":[{"@type":"WebPage","@id":"https:\/\/www.reiterer-marangoni.it\/de\/impressum\/","url":"https:\/\/www.reiterer-marangoni.it\/de\/impressum\/","name":"Impressum - Reiterer &amp; Marangoni","isPartOf":{"@id":"https:\/\/www.reiterer-marangoni.it\/it\/#website"},"datePublished":"2023-10-30T06:14:13+00:00","dateModified":"2023-12-20T11:41:34+00:00","description":"Sitz & Verantwortlichkeit f\u00fcr den Inhalt: Rechtsanwaltssoziet\u00e4t Reiterer & MarangoniLeonardo da Vinci Stra\u00dfe 20BI-39100 Bozen (BZ)","breadcrumb":{"@id":"https:\/\/www.reiterer-marangoni.it\/de\/impressum\/#breadcrumb"},"inLanguage":"de-DE","potentialAction":[{"@type":"ReadAction","target":["https:\/\/www.reiterer-marangoni.it\/de\/impressum\/"]}]},{"@type":"BreadcrumbList","@id":"https:\/\/www.reiterer-marangoni.it\/de\/impressum\/#breadcrumb","itemListElement":[{"@type":"ListItem","position":1,"name":"Home","item":"https:\/\/www.reiterer-marangoni.it\/de\/"},{"@type":"ListItem","position":2,"name":"Impressum"}]},{"@type":"WebSite","@id":"https:\/\/www.reiterer-marangoni.it\/it\/#website","url":"https:\/\/www.reiterer-marangoni.it\/it\/","name":"Reiterer &amp; Marangoni","description":"Rechtsanw\u00e4lte","potentialAction":[{"@type":"SearchAction","target":{"@type":"EntryPoint","urlTemplate":"https:\/\/www.reiterer-marangoni.it\/it\/?s={search_term_string}"},"query-input":"required name=search_term_string"}],"inLanguage":"de-DE"}]}},"_links":{"self":[{"href":"https:\/\/www.reiterer-marangoni.it\/de\/wp-json\/wp\/v2\/pages\/310"}],"collection":[{"href":"https:\/\/www.reiterer-marangoni.it\/de\/wp-json\/wp\/v2\/pages"}],"about":[{"href":"https:\/\/www.reiterer-marangoni.it\/de\/wp-json\/wp\/v2\/types\/page"}],"author":[{"embeddable":true,"href":"https:\/\/www.reiterer-marangoni.it\/de\/wp-json\/wp\/v2\/users\/1"}],"replies":[{"embeddable":true,"href":"https:\/\/www.reiterer-marangoni.it\/de\/wp-json\/wp\/v2\/comments?post=310"}],"version-history":[{"count":9,"href":"https:\/\/www.reiterer-marangoni.it\/de\/wp-json\/wp\/v2\/pages\/310\/revisions"}],"predecessor-version":[{"id":4214,"href":"https:\/\/www.reiterer-marangoni.it\/de\/wp-json\/wp\/v2\/pages\/310\/revisions\/4214"}],"wp:attachment":[{"href":"https:\/\/www.reiterer-marangoni.it\/de\/wp-json\/wp\/v2\/media?parent=310"}],"curies":[{"name":"wp","href":"https:\/\/api.w.org\/{rel}","templated":true}]}}