{"id":3486,"date":"2023-10-30T10:56:56","date_gmt":"2023-10-30T08:56:56","guid":{"rendered":"https:\/\/www.reiterer-marangoni.it\/?page_id=3486"},"modified":"2025-01-24T18:31:45","modified_gmt":"2025-01-24T16:31:45","slug":"anwaelte","status":"publish","type":"page","link":"https:\/\/www.reiterer-marangoni.it\/de\/anwaelte\/","title":{"rendered":"Anw\u00e4lte"},"content":{"rendered":"<p>Unsere Kanzlei besteht bereits seit \u00fcber 40 Jahren. Bereits damals arbeitete die renommierte Kanzlei Rossi mit starkem internationalen Bezug und zahlreichen Mandanten aus dem deutschsprachigen Rechtsraum. In Fortf\u00fchrung dieser Tradition \u00fcbernahm Dr. Reiterer sodann die Kanzlei und gr\u00fcndete sp\u00e4ter mit den aktuellen Partnern die bestehende Soziet\u00e4t. Auch heute bezieht sich das Kerngesch\u00e4ft von Reiterer &amp; Marangoni auf deutsch-italienische Rechtsbeziehungen.<\/p>\n<p>S\u00e4mtliche Rechtsanw\u00e4lte sprechen u.a. Italienisch und Deutsch und verf\u00fcgen \u00fcber die fachlichen Kenntnisse sowohl des deutschen als auch des italienischen und internationalen Rechts. Unser Team verf\u00fcgt dabei auch \u00fcber Anw\u00e4lte, die sowohl in Deutschland als auch in Italien zur Anwaltschaft zugelassen sind.<\/p>\n<p>Durch unsere langj\u00e4hrige internationale Ausrichtung sind wir ideal vernetzt und k\u00f6nnen zur umfassenden Betreuung Ihrer Anliegen auch auf unsere fachlich ebenso qualifizierten Kooperationspartner, Notare und Steuerberater zur\u00fcckgreifen.<\/p>\n","protected":false},"excerpt":{"rendered":"<p>Unsere Kanzlei besteht bereits seit \u00fcber 40 Jahren. Bereits damals arbeitete die renommierte Kanzlei Rossi mit starkem internationalen Bezug und zahlreichen Mandanten aus dem deutschsprachigen Rechtsraum. In Fortf\u00fchrung dieser Tradition \u00fcbernahm Dr. Reiterer sodann die Kanzlei und gr\u00fcndete sp\u00e4ter mit den aktuellen Partnern die bestehende [&hellip;]<\/p>\n","protected":false},"author":2,"featured_media":0,"parent":0,"menu_order":0,"comment_status":"closed","ping_status":"closed","template":"page-homepage-box.php","meta":{"_acf_changed":false,"footnotes":""},"acf":[],"yoast_head":"<!-- This site is optimized with the Yoast SEO plugin v22.5 - https:\/\/yoast.com\/wordpress\/plugins\/seo\/ -->\n<title>Anw\u00e4lte - Reiterer &amp; Marangoni<\/title>\n<meta name=\"description\" content=\"S\u00e4mtliche Rechtsanw\u00e4lte sprechen u.a. Italienisch und Deutsch und verf\u00fcgen \u00fcber die fachlichen Kenntnisse sowohl des deutschen als auch des italienischen und internationalen Rechts. Unser Team verf\u00fcgt dabei auch \u00fcber Anw\u00e4lte, die sowohl in Deutschland als auch in Italien zur Anwaltschaft zugelassen sind.\" \/>\n<meta name=\"robots\" content=\"index, follow, max-snippet:-1, max-image-preview:large, max-video-preview:-1\" \/>\n<link rel=\"canonical\" href=\"https:\/\/www.reiterer-marangoni.it\/de\/anwaelte\/\" \/>\n<meta property=\"og:locale\" content=\"de_DE\" \/>\n<meta property=\"og:type\" content=\"article\" \/>\n<meta property=\"og:title\" content=\"Anw\u00e4lte - Reiterer &amp; Marangoni\" \/>\n<meta property=\"og:description\" content=\"S\u00e4mtliche Rechtsanw\u00e4lte sprechen u.a. Italienisch und Deutsch und verf\u00fcgen \u00fcber die fachlichen Kenntnisse sowohl des deutschen als auch des italienischen und internationalen Rechts. Unser Team verf\u00fcgt dabei auch \u00fcber Anw\u00e4lte, die sowohl in Deutschland als auch in Italien zur Anwaltschaft zugelassen sind.\" \/>\n<meta property=\"og:url\" content=\"https:\/\/www.reiterer-marangoni.it\/de\/anwaelte\/\" \/>\n<meta property=\"og:site_name\" content=\"Reiterer &amp; Marangoni\" \/>\n<meta property=\"article:modified_time\" content=\"2025-01-24T16:31:45+00:00\" \/>\n<meta name=\"twitter:card\" content=\"summary_large_image\" \/>\n<meta name=\"twitter:label1\" content=\"Est. reading time\" \/>\n\t<meta name=\"twitter:data1\" content=\"1 Minute\" \/>\n<script type=\"application\/ld+json\" class=\"yoast-schema-graph\">{\"@context\":\"https:\/\/schema.org\",\"@graph\":[{\"@type\":\"WebPage\",\"@id\":\"https:\/\/www.reiterer-marangoni.it\/de\/anwaelte\/\",\"url\":\"https:\/\/www.reiterer-marangoni.it\/de\/anwaelte\/\",\"name\":\"Anw\u00e4lte - Reiterer &amp; Marangoni\",\"isPartOf\":{\"@id\":\"https:\/\/www.reiterer-marangoni.it\/it\/#website\"},\"datePublished\":\"2023-10-30T08:56:56+00:00\",\"dateModified\":\"2025-01-24T16:31:45+00:00\",\"description\":\"S\u00e4mtliche Rechtsanw\u00e4lte sprechen u.a. Italienisch und Deutsch und verf\u00fcgen \u00fcber die fachlichen Kenntnisse sowohl des deutschen als auch des italienischen und internationalen Rechts. Unser Team verf\u00fcgt dabei auch \u00fcber Anw\u00e4lte, die sowohl in Deutschland als auch in Italien zur Anwaltschaft zugelassen sind.\",\"breadcrumb\":{\"@id\":\"https:\/\/www.reiterer-marangoni.it\/de\/anwaelte\/#breadcrumb\"},\"inLanguage\":\"de-DE\",\"potentialAction\":[{\"@type\":\"ReadAction\",\"target\":[\"https:\/\/www.reiterer-marangoni.it\/de\/anwaelte\/\"]}]},{\"@type\":\"BreadcrumbList\",\"@id\":\"https:\/\/www.reiterer-marangoni.it\/de\/anwaelte\/#breadcrumb\",\"itemListElement\":[{\"@type\":\"ListItem\",\"position\":1,\"name\":\"Home\",\"item\":\"https:\/\/www.reiterer-marangoni.it\/de\/\"},{\"@type\":\"ListItem\",\"position\":2,\"name\":\"Anw\u00e4lte\"}]},{\"@type\":\"WebSite\",\"@id\":\"https:\/\/www.reiterer-marangoni.it\/it\/#website\",\"url\":\"https:\/\/www.reiterer-marangoni.it\/it\/\",\"name\":\"Reiterer &amp; Marangoni\",\"description\":\"Rechtsanw\u00e4lte\",\"potentialAction\":[{\"@type\":\"SearchAction\",\"target\":{\"@type\":\"EntryPoint\",\"urlTemplate\":\"https:\/\/www.reiterer-marangoni.it\/it\/?s={search_term_string}\"},\"query-input\":\"required name=search_term_string\"}],\"inLanguage\":\"de-DE\"}]}<\/script>\n<!-- \/ Yoast SEO plugin. -->","yoast_head_json":{"title":"Anw\u00e4lte - Reiterer &amp; Marangoni","description":"S\u00e4mtliche Rechtsanw\u00e4lte sprechen u.a. Italienisch und Deutsch und verf\u00fcgen \u00fcber die fachlichen Kenntnisse sowohl des deutschen als auch des italienischen und internationalen Rechts. Unser Team verf\u00fcgt dabei auch \u00fcber Anw\u00e4lte, die sowohl in Deutschland als auch in Italien zur Anwaltschaft zugelassen sind.","robots":{"index":"index","follow":"follow","max-snippet":"max-snippet:-1","max-image-preview":"max-image-preview:large","max-video-preview":"max-video-preview:-1"},"canonical":"https:\/\/www.reiterer-marangoni.it\/de\/anwaelte\/","og_locale":"de_DE","og_type":"article","og_title":"Anw\u00e4lte - Reiterer &amp; Marangoni","og_description":"S\u00e4mtliche Rechtsanw\u00e4lte sprechen u.a. Italienisch und Deutsch und verf\u00fcgen \u00fcber die fachlichen Kenntnisse sowohl des deutschen als auch des italienischen und internationalen Rechts. Unser Team verf\u00fcgt dabei auch \u00fcber Anw\u00e4lte, die sowohl in Deutschland als auch in Italien zur Anwaltschaft zugelassen sind.","og_url":"https:\/\/www.reiterer-marangoni.it\/de\/anwaelte\/","og_site_name":"Reiterer &amp; Marangoni","article_modified_time":"2025-01-24T16:31:45+00:00","twitter_card":"summary_large_image","twitter_misc":{"Est. reading time":"1 Minute"},"schema":{"@context":"https:\/\/schema.org","@graph":[{"@type":"WebPage","@id":"https:\/\/www.reiterer-marangoni.it\/de\/anwaelte\/","url":"https:\/\/www.reiterer-marangoni.it\/de\/anwaelte\/","name":"Anw\u00e4lte - Reiterer &amp; Marangoni","isPartOf":{"@id":"https:\/\/www.reiterer-marangoni.it\/it\/#website"},"datePublished":"2023-10-30T08:56:56+00:00","dateModified":"2025-01-24T16:31:45+00:00","description":"S\u00e4mtliche Rechtsanw\u00e4lte sprechen u.a. Italienisch und Deutsch und verf\u00fcgen \u00fcber die fachlichen Kenntnisse sowohl des deutschen als auch des italienischen und internationalen Rechts. Unser Team verf\u00fcgt dabei auch \u00fcber Anw\u00e4lte, die sowohl in Deutschland als auch in Italien zur Anwaltschaft zugelassen sind.","breadcrumb":{"@id":"https:\/\/www.reiterer-marangoni.it\/de\/anwaelte\/#breadcrumb"},"inLanguage":"de-DE","potentialAction":[{"@type":"ReadAction","target":["https:\/\/www.reiterer-marangoni.it\/de\/anwaelte\/"]}]},{"@type":"BreadcrumbList","@id":"https:\/\/www.reiterer-marangoni.it\/de\/anwaelte\/#breadcrumb","itemListElement":[{"@type":"ListItem","position":1,"name":"Home","item":"https:\/\/www.reiterer-marangoni.it\/de\/"},{"@type":"ListItem","position":2,"name":"Anw\u00e4lte"}]},{"@type":"WebSite","@id":"https:\/\/www.reiterer-marangoni.it\/it\/#website","url":"https:\/\/www.reiterer-marangoni.it\/it\/","name":"Reiterer &amp; Marangoni","description":"Rechtsanw\u00e4lte","potentialAction":[{"@type":"SearchAction","target":{"@type":"EntryPoint","urlTemplate":"https:\/\/www.reiterer-marangoni.it\/it\/?s={search_term_string}"},"query-input":"required name=search_term_string"}],"inLanguage":"de-DE"}]}},"_links":{"self":[{"href":"https:\/\/www.reiterer-marangoni.it\/de\/wp-json\/wp\/v2\/pages\/3486"}],"collection":[{"href":"https:\/\/www.reiterer-marangoni.it\/de\/wp-json\/wp\/v2\/pages"}],"about":[{"href":"https:\/\/www.reiterer-marangoni.it\/de\/wp-json\/wp\/v2\/types\/page"}],"author":[{"embeddable":true,"href":"https:\/\/www.reiterer-marangoni.it\/de\/wp-json\/wp\/v2\/users\/2"}],"replies":[{"embeddable":true,"href":"https:\/\/www.reiterer-marangoni.it\/de\/wp-json\/wp\/v2\/comments?post=3486"}],"version-history":[{"count":13,"href":"https:\/\/www.reiterer-marangoni.it\/de\/wp-json\/wp\/v2\/pages\/3486\/revisions"}],"predecessor-version":[{"id":4439,"href":"https:\/\/www.reiterer-marangoni.it\/de\/wp-json\/wp\/v2\/pages\/3486\/revisions\/4439"}],"wp:attachment":[{"href":"https:\/\/www.reiterer-marangoni.it\/de\/wp-json\/wp\/v2\/media?parent=3486"}],"curies":[{"name":"wp","href":"https:\/\/api.w.org\/{rel}","templated":true}]}}