{"id":3489,"date":"2023-10-30T08:59:18","date_gmt":"2023-10-30T06:59:18","guid":{"rendered":"https:\/\/www.reiterer-marangoni.it\/?page_id=3489"},"modified":"2023-10-30T18:35:58","modified_gmt":"2023-10-30T16:35:58","slug":"taetigkeitsbereiche","status":"publish","type":"page","link":"https:\/\/www.reiterer-marangoni.it\/de\/taetigkeitsbereiche\/","title":{"rendered":"T\u00e4tigkeitsbereiche"},"content":{"rendered":"<p>Mit unserer langj\u00e4hrigen Erfahrung in Fragen des deutsch-italienischen Rechts sowie grenz\u00fcberschreitender wirtschaftlicher Beziehungen stehen wir insbesondere f\u00fcr mittelst\u00e4ndische Unternehmen sowie Konzerne, aber auch f\u00fcr Privatpersonen als Ansprechpartner zur Verf\u00fcgung.<\/p>\n<p>Im Rahmen unserer Rechtsberatung begleiten wir Sie individuell bez\u00fcglich Ihrer Anliegen, dies insbesondere auf den folgenden Rechtsgebieten:<\/p>\n","protected":false},"excerpt":{"rendered":"<p>Mit unserer langj\u00e4hrigen Erfahrung in Fragen des deutsch-italienischen Rechts sowie grenz\u00fcberschreitender wirtschaftlicher Beziehungen stehen wir insbesondere f\u00fcr mittelst\u00e4ndische Unternehmen sowie Konzerne, aber auch f\u00fcr Privatpersonen als Ansprechpartner zur Verf\u00fcgung. Im Rahmen unserer Rechtsberatung begleiten wir Sie individuell bez\u00fcglich Ihrer Anliegen, dies insbesondere auf den folgenden [&hellip;]<\/p>\n","protected":false},"author":2,"featured_media":0,"parent":0,"menu_order":0,"comment_status":"closed","ping_status":"closed","template":"page-homepage-box.php","meta":{"_acf_changed":false,"footnotes":""},"acf":[],"yoast_head":"<!-- This site is optimized with the Yoast SEO plugin v22.5 - https:\/\/yoast.com\/wordpress\/plugins\/seo\/ -->\n<title>T\u00e4tigkeitsbereiche - Reiterer &amp; Marangoni<\/title>\n<meta name=\"description\" content=\"Mit unserer langj\u00e4hrigen Erfahrung in Fragen des deutsch-italienischen Rechts sowie grenz\u00fcberschreitender wirtschaftlicher Beziehungen stehen wir insbesondere f\u00fcr mittelst\u00e4ndische Unternehmen sowie Konzerne, aber auch f\u00fcr Privatpersonen als Ansprechpartner zur Verf\u00fcgung.\" \/>\n<meta name=\"robots\" content=\"index, follow, max-snippet:-1, max-image-preview:large, max-video-preview:-1\" \/>\n<link rel=\"canonical\" href=\"https:\/\/www.reiterer-marangoni.it\/de\/taetigkeitsbereiche\/\" \/>\n<meta property=\"og:locale\" content=\"de_DE\" \/>\n<meta property=\"og:type\" content=\"article\" \/>\n<meta property=\"og:title\" content=\"T\u00e4tigkeitsbereiche - Reiterer &amp; Marangoni\" \/>\n<meta property=\"og:description\" content=\"Mit unserer langj\u00e4hrigen Erfahrung in Fragen des deutsch-italienischen Rechts sowie grenz\u00fcberschreitender wirtschaftlicher Beziehungen stehen wir insbesondere f\u00fcr mittelst\u00e4ndische Unternehmen sowie Konzerne, aber auch f\u00fcr Privatpersonen als Ansprechpartner zur Verf\u00fcgung.\" \/>\n<meta property=\"og:url\" content=\"https:\/\/www.reiterer-marangoni.it\/de\/taetigkeitsbereiche\/\" \/>\n<meta property=\"og:site_name\" content=\"Reiterer &amp; Marangoni\" \/>\n<meta property=\"article:modified_time\" content=\"2023-10-30T16:35:58+00:00\" \/>\n<meta name=\"twitter:card\" content=\"summary_large_image\" \/>\n<script type=\"application\/ld+json\" class=\"yoast-schema-graph\">{\"@context\":\"https:\/\/schema.org\",\"@graph\":[{\"@type\":\"WebPage\",\"@id\":\"https:\/\/www.reiterer-marangoni.it\/de\/taetigkeitsbereiche\/\",\"url\":\"https:\/\/www.reiterer-marangoni.it\/de\/taetigkeitsbereiche\/\",\"name\":\"T\u00e4tigkeitsbereiche - Reiterer &amp; Marangoni\",\"isPartOf\":{\"@id\":\"https:\/\/www.reiterer-marangoni.it\/it\/#website\"},\"datePublished\":\"2023-10-30T06:59:18+00:00\",\"dateModified\":\"2023-10-30T16:35:58+00:00\",\"description\":\"Mit unserer langj\u00e4hrigen Erfahrung in Fragen des deutsch-italienischen Rechts sowie grenz\u00fcberschreitender wirtschaftlicher Beziehungen stehen wir insbesondere f\u00fcr mittelst\u00e4ndische Unternehmen sowie Konzerne, aber auch f\u00fcr Privatpersonen als Ansprechpartner zur Verf\u00fcgung.\",\"breadcrumb\":{\"@id\":\"https:\/\/www.reiterer-marangoni.it\/de\/taetigkeitsbereiche\/#breadcrumb\"},\"inLanguage\":\"de-DE\",\"potentialAction\":[{\"@type\":\"ReadAction\",\"target\":[\"https:\/\/www.reiterer-marangoni.it\/de\/taetigkeitsbereiche\/\"]}]},{\"@type\":\"BreadcrumbList\",\"@id\":\"https:\/\/www.reiterer-marangoni.it\/de\/taetigkeitsbereiche\/#breadcrumb\",\"itemListElement\":[{\"@type\":\"ListItem\",\"position\":1,\"name\":\"Home\",\"item\":\"https:\/\/www.reiterer-marangoni.it\/de\/\"},{\"@type\":\"ListItem\",\"position\":2,\"name\":\"T\u00e4tigkeitsbereiche\"}]},{\"@type\":\"WebSite\",\"@id\":\"https:\/\/www.reiterer-marangoni.it\/it\/#website\",\"url\":\"https:\/\/www.reiterer-marangoni.it\/it\/\",\"name\":\"Reiterer &amp; Marangoni\",\"description\":\"Rechtsanw\u00e4lte\",\"potentialAction\":[{\"@type\":\"SearchAction\",\"target\":{\"@type\":\"EntryPoint\",\"urlTemplate\":\"https:\/\/www.reiterer-marangoni.it\/it\/?s={search_term_string}\"},\"query-input\":\"required name=search_term_string\"}],\"inLanguage\":\"de-DE\"}]}<\/script>\n<!-- \/ Yoast SEO plugin. -->","yoast_head_json":{"title":"T\u00e4tigkeitsbereiche - Reiterer &amp; Marangoni","description":"Mit unserer langj\u00e4hrigen Erfahrung in Fragen des deutsch-italienischen Rechts sowie grenz\u00fcberschreitender wirtschaftlicher Beziehungen stehen wir insbesondere f\u00fcr mittelst\u00e4ndische Unternehmen sowie Konzerne, aber auch f\u00fcr Privatpersonen als Ansprechpartner zur Verf\u00fcgung.","robots":{"index":"index","follow":"follow","max-snippet":"max-snippet:-1","max-image-preview":"max-image-preview:large","max-video-preview":"max-video-preview:-1"},"canonical":"https:\/\/www.reiterer-marangoni.it\/de\/taetigkeitsbereiche\/","og_locale":"de_DE","og_type":"article","og_title":"T\u00e4tigkeitsbereiche - Reiterer &amp; Marangoni","og_description":"Mit unserer langj\u00e4hrigen Erfahrung in Fragen des deutsch-italienischen Rechts sowie grenz\u00fcberschreitender wirtschaftlicher Beziehungen stehen wir insbesondere f\u00fcr mittelst\u00e4ndische Unternehmen sowie Konzerne, aber auch f\u00fcr Privatpersonen als Ansprechpartner zur Verf\u00fcgung.","og_url":"https:\/\/www.reiterer-marangoni.it\/de\/taetigkeitsbereiche\/","og_site_name":"Reiterer &amp; Marangoni","article_modified_time":"2023-10-30T16:35:58+00:00","twitter_card":"summary_large_image","schema":{"@context":"https:\/\/schema.org","@graph":[{"@type":"WebPage","@id":"https:\/\/www.reiterer-marangoni.it\/de\/taetigkeitsbereiche\/","url":"https:\/\/www.reiterer-marangoni.it\/de\/taetigkeitsbereiche\/","name":"T\u00e4tigkeitsbereiche - Reiterer &amp; Marangoni","isPartOf":{"@id":"https:\/\/www.reiterer-marangoni.it\/it\/#website"},"datePublished":"2023-10-30T06:59:18+00:00","dateModified":"2023-10-30T16:35:58+00:00","description":"Mit unserer langj\u00e4hrigen Erfahrung in Fragen des deutsch-italienischen Rechts sowie grenz\u00fcberschreitender wirtschaftlicher Beziehungen stehen wir insbesondere f\u00fcr mittelst\u00e4ndische Unternehmen sowie Konzerne, aber auch f\u00fcr Privatpersonen als Ansprechpartner zur Verf\u00fcgung.","breadcrumb":{"@id":"https:\/\/www.reiterer-marangoni.it\/de\/taetigkeitsbereiche\/#breadcrumb"},"inLanguage":"de-DE","potentialAction":[{"@type":"ReadAction","target":["https:\/\/www.reiterer-marangoni.it\/de\/taetigkeitsbereiche\/"]}]},{"@type":"BreadcrumbList","@id":"https:\/\/www.reiterer-marangoni.it\/de\/taetigkeitsbereiche\/#breadcrumb","itemListElement":[{"@type":"ListItem","position":1,"name":"Home","item":"https:\/\/www.reiterer-marangoni.it\/de\/"},{"@type":"ListItem","position":2,"name":"T\u00e4tigkeitsbereiche"}]},{"@type":"WebSite","@id":"https:\/\/www.reiterer-marangoni.it\/it\/#website","url":"https:\/\/www.reiterer-marangoni.it\/it\/","name":"Reiterer &amp; Marangoni","description":"Rechtsanw\u00e4lte","potentialAction":[{"@type":"SearchAction","target":{"@type":"EntryPoint","urlTemplate":"https:\/\/www.reiterer-marangoni.it\/it\/?s={search_term_string}"},"query-input":"required name=search_term_string"}],"inLanguage":"de-DE"}]}},"_links":{"self":[{"href":"https:\/\/www.reiterer-marangoni.it\/de\/wp-json\/wp\/v2\/pages\/3489"}],"collection":[{"href":"https:\/\/www.reiterer-marangoni.it\/de\/wp-json\/wp\/v2\/pages"}],"about":[{"href":"https:\/\/www.reiterer-marangoni.it\/de\/wp-json\/wp\/v2\/types\/page"}],"author":[{"embeddable":true,"href":"https:\/\/www.reiterer-marangoni.it\/de\/wp-json\/wp\/v2\/users\/2"}],"replies":[{"embeddable":true,"href":"https:\/\/www.reiterer-marangoni.it\/de\/wp-json\/wp\/v2\/comments?post=3489"}],"version-history":[{"count":9,"href":"https:\/\/www.reiterer-marangoni.it\/de\/wp-json\/wp\/v2\/pages\/3489\/revisions"}],"predecessor-version":[{"id":4066,"href":"https:\/\/www.reiterer-marangoni.it\/de\/wp-json\/wp\/v2\/pages\/3489\/revisions\/4066"}],"wp:attachment":[{"href":"https:\/\/www.reiterer-marangoni.it\/de\/wp-json\/wp\/v2\/media?parent=3489"}],"curies":[{"name":"wp","href":"https:\/\/api.w.org\/{rel}","templated":true}]}}