{"id":554,"date":"2023-10-30T10:54:55","date_gmt":"2023-10-30T08:54:55","guid":{"rendered":"http:\/\/www.reiterer-marangoni.it\/it\/?page_id=554"},"modified":"2023-11-08T12:47:51","modified_gmt":"2023-11-08T10:47:51","slug":"privacy","status":"publish","type":"page","link":"https:\/\/www.reiterer-marangoni.it\/it\/privacy\/","title":{"rendered":"Privacy"},"content":{"rendered":"<p>Lo studio legale associato Reiterer &amp; Marangoni con sede principale in Italia, 39100 Bolzano (BZ), Via Leonardo da Vinci 20\/B, Tel: 0471 970448, Email: info@reiterer-marangoni.it (di seguito \u201cReiterer &amp; Marangoni\u201d), in qualit\u00e0 di titolare del trattamento dei dati personali, ai sensi del D.lgs. 196\/2003 e successive modifiche \u2013 Codice in materia di protezione dei dati personali (\u201cCodice Privacy\u201d) \u2013 e del Regolamento UE 679\/2016 Regolamento Generale sulla Protezione dei Dati (\u201cGDPR\u201d) (Codice Privacy e GDPR sono collettivamente indicati come \u201cNormativa Applicabile\u201d) riconosce l\u2019importanza della protezione dei dati personali e considera la sua tutela uno degli obiettivi principali della propria attivit\u00e0.<\/p>\n<p>Prima di comunicare qualsiasi dato personale, Reiterer &amp; Marangoni invita a leggere con attenzione la presente privacy policy (\u201cPrivacy Policy\u201d), poich\u00e9 contiene informazioni importanti sulla tutela dei dati personali e sulle misure di sicurezza adottate per garantirne la riservatezza nel pieno rispetto della Normativa Applicabile.<\/p>\n<p>La presente Privacy Policy, inoltre, si intende resa solo per il sito www.reiterer-marangoni.it (\u201cSito\u201d), mentre non si applica ad altri siti web eventualmente consultati tramite link esterni ed \u00e8 da intendersi quale Informativa resa, ai sensi dell\u2019art. 13 della Normativa Applicabile a coloro che interagiscono con il Sito.<\/p>\n<p>Reiterer &amp; Marangoni informa che il trattamento dei dati personali sar\u00e0 improntato ai principi di liceit\u00e0, correttezza, trasparenza, limitazione delle finalit\u00e0 e della conservazione, minimizzazione dei dati, esattezza, integrit\u00e0 e riservatezza. I dati personali verranno pertanto trattati in accordo alle disposizioni legislative della Normativa Applicabile e degli obblighi di riservatezza ivi previsti.<\/p>\n<p>Il conferimento dei dati personali \u00e8 sempre facoltativo, tuttavia, in mancanza dei dati contrassegnati come obbligatori nei moduli o negli eventuali successivi modelli di raccolta, il servizio o parte di esso non sar\u00e0 erogato e non si potr\u00e0 usufruire delle opportunit\u00e0 offerte dallo studio legale Reiterer &amp; Marangoni. Tali dati saranno utilizzati dallo studio legale Reiterer &amp; Marangoni per i fini per i quali \u00e8 stato fornito il consenso al trattamento.<\/p>\n<p>Il trattamento dei dati avviene con procedure, strumenti tecnici ed informatici idonei a tutelare la riservatezza e la sicurezza dei dati e consiste nella loro raccolta, registrazione, organizzazione, conservazione, consultazione, utilizzo, interconnessione, blocco, comunicazione, diffusione, cancellazione, distruzione degli stessi, compresa la combinazione di due o pi\u00f9 delle attivit\u00e0 suddette.<\/p>\n<p>1.\u00a0\u00a0 TITOLARE<\/p>\n<p>Alla luce della Normativa Applicabile, titolare del trattamento del Sito \u00e8 Reiterer &amp; Marangoni come sopra definito.<\/p>\n<p>2.\u00a0\u00a0 I DATI PERSONALI OGGETTO DI TRATTAMENTO<\/p>\n<p>Per \u201cDati Personali\u201d si intende qualsiasi informazione riguardante una persona fisica identificata o identificabile con particolare riferimento a un identificativo come il nome, un numero di identificazione, dati relativi all\u2019ubicazione, un identificativo online o a uno o pi\u00f9\u0300 elementi caratteristici della sua identit\u00e0 fisica, fisiologica, psichica, economica, culturale o sociale.<\/p>\n<p>I Dati Personali raccolti dal Sito sono i seguenti:<\/p>\n<p>a) Dati di navigazione<\/p>\n<p>I sistemi informatici del Sito raccolgono alcuni Dati Personali la cui trasmissione \u00e8 implicita nell\u2019uso dei protocolli di comunicazione di Internet. Si tratta di informazioni che non sono raccolte per essere associate a persone, ma che per loro stessa natura potrebbero, attraverso elaborazioni ed associazioni con dati detenuti da terzi, permettere l\u2019identificazione. Tra questi ci sono gli indirizzi IP o i nomi a dominio dei dispositivi utilizzati per connettersi al Sito, gli indirizzi in notazione URI (Uniform Resource Identifier) delle risorse richieste, l\u2019orario della richiesta, il metodo utilizzato nel sottoporre la richiesta al server, la dimensione del file ottenuto in risposta, il codice numerico indicante lo stato della risposta data dal server (buon fine, errore, ecc.) ed altri parametri relativi al sistema operativo e ambiente informatico.<\/p>\n<p>Questi dati vengono utilizzati al fine di ricavare informazioni statistiche anonime sull\u2019uso del Sito e per controllarne il corretto funzionamento; per permettere \u2013 vista l\u2019architettura dei sistemi utilizzati \u2013 la corretta erogazione delle varie funzionalit\u00e0 richieste, per ragioni di sicurezza e di accertamento di responsabilit\u00e0 in caso di ipotetici reati informatici ai danni del Sito o di terzi e vengono cancellati dopo 7 giorni.<\/p>\n<p>b) Dati forniti volontariamente<\/p>\n<p>Attraverso il Sito si ha la possibilit\u00e0 di fornire volontariamente Dati Personali come il nome e l\u2019indirizzo e-mail per l\u2019iscrizione al servizio di newsletter \u201cReiterer &amp; Marangoni\u201d o per contattare Reiterer &amp; Marangoni attraverso l\u2019indirizzo mail \u201cinfo@reiterer-marangoni.it\u201d. Reiterer &amp; Marangoni tratter\u00e0 questi dati nel rispetto della Normativa Applicabile, assumendo che siano riferiti all\u2019utente o a terzi soggetti che Lo hanno espressamente autorizzato a conferirli in base ad un\u2019idonea base giuridica che legittima il trattamento dei dati in questione. Rispetto a tali ipotesi, l\u2019utente si pone come autonomo titolare del trattamento, assumendosi tutti gli obblighi e le responsabilit\u00e0 di legge. In tal senso, conferisce sul punto la pi\u00f9 ampia manleva rispetto ad ogni contestazione, pretesa, richiesta di risarcimento del danno da trattamento, etc. che dovesse pervenire a Reiterer &amp; Marangoni da terzi soggetti i cui Dati Personali siano stati trattati attraverso l\u2019utilizzo del Sito da parte dell\u2019utente in violazione della Normativa Applicabile.<\/p>\n<p>c) Cookie e tecnologie affini<\/p>\n<p>Reiterer &amp; Marangoni raccoglie Dati Personali attraverso cookies. Maggiori informazioni sull\u2019uso dei cookie e tecnologie affini sono disponibili nella relativa pagina informativa del sito www.reiterer-marangoni.it sub la voce Cookies.<\/p>\n<p>La comunicazione di dati personali relativi a un minore deve essere effettuata da parte di un genitore o da persona che eserciti la potest\u00e0 sul minore.<\/p>\n<p>3.\u00a0\u00a0 FINALITA\u2019, BASE GIURIDICA E NATURA OBBLIGATORIA O FACOLTATIVA DEL TRATTAMENTO<\/p>\n<p>I Dati Personali forniti attraverso il Sito saranno trattati da Reiterer &amp; Marangoni per le seguenti finalit\u00e0:<\/p>\n<p>a) finalit\u00e0 inerenti l\u2019esecuzione di un contratto di cui Lei \u00e8 parte o all\u2019esecuzione di misure precontrattuali adottate su Sua richiesta (es: richiesta di contatto tramite il modulo e-mail, invio di curricula, registrazione al servizio newsletter, l\u2019invio di materiale pubblicitario e informativo e\/o l\u2019effettuazione di comunicazione commerciale, anche interattive ecc.);<\/p>\n<p>b) finalit\u00e0 di ricerche\/analisi statistiche su dati aggregati o anonimi, senza possibilit\u00e0 di identificare l\u2019utente, volti a misurare il funzionamento del Sito, misurare il traffico e valutare usabilit\u00e0 e interesse;<\/p>\n<p>c) finalit\u00e0 relative all\u2019adempimento di un obbligo legale al quale Reiterer &amp; Marangoni e\u0300 soggetto;<\/p>\n<p>d) finalit\u00e0 necessarie ad accertare, esercitare o difendere un diritto in sede giudiziaria o ogniqualvolta le autorit\u00e0 giurisdizionali esercitino le loro funzioni giurisdizionali;<\/p>\n<p>La base legale del trattamento di Dati Personali per le finalit\u00e0 di cui al punto a) \u00e8 l\u2019erogazione di un servizio o il riscontro ad una richiesta che non richiedono il consenso ai sensi della Normativa Applicabile.<\/p>\n<p>La finalit\u00e0 di cui al punto b) non comporta il trattamento di Dati Personali, mentre la finalit\u00e0 di cui al punto d) rappresenta un trattamento legittimo di Dati Personali ai sensi della Normativa Applicabile in quanto, una volta conferiti i Dati Personali, il trattamento \u00e8 invero necessario per adempiere ad un obbligo di legge a cui Reiterer &amp; Marangoni \u00e8 soggetto.<\/p>\n<p>Il conferimento dei Dati Personali per le finalit\u00e0 sopra elencate \u00e8 facoltativo, ma il loro eventuale mancato conferimento potrebbe rendere impossibile riscontrare una richiesta dell\u2019utente o adempiere ad un obbligo legale a cui Reiterer &amp; Marangoni \u00e8 soggetto.<\/p>\n<p>4.\u00a0\u00a0 DESTINATARI<\/p>\n<p>I Dati Personali potranno essere condivisi, per le finalit\u00e0 specificate al punto 3, con:<\/p>\n<p>a) dipendenti, collaboratori di Reiterer &amp; Marangoni, appartenenti alle categorie degli addetti amministrativi, contabili, amministratori di sistemi informatici, a seconda del trattamento, i quali, operando sotto la diretta autorit\u00e0 del Titolare, sono nominati autorizzati (e come tali impegnati alla riservatezza o abbiano un adeguato obbligo legale di riservatezza).<\/p>\n<p>b) Fornitori di servizi, gestore della piattaforma che ospita il Sito, cloud providers a seconda del trattamento, i quali, operando sotto la diretta autorit\u00e0 del Titolare, sono nominati responsabili del trattamento ai sensi degli artt. 29 e 30 del Codice Privacy ed ai sensi degli artt. 28 e 29 del GDPR, e ricevono al riguardo adeguate istruzioni operative.<\/p>\n<p>(i destinatari sub a e b sono collettivamente indicati \u201cDestinatari\u201d).<\/p>\n<p>c) Autorit\u00e0 giurisdizionali nell\u2019esercizio delle loro funzioni quando richiesto dalla Normativa Applicabile.<\/p>\n<p>L\u2019elenco dei Responsabili del trattamento di cui al precedente punto b) pu\u00f2 essere richiesto inviando una mail a: info@reiterer-marangoni.it.<\/p>\n<p>5.\u00a0\u00a0 TRASFERIMENTI<\/p>\n<p>I Dati Personali non sono trasferiti a Destinatari che si potrebbero trovare al di fuori dell\u2019Unione Europea. Reiterer &amp; Marangoni assicura che il trattamento elettronico e cartaceo dei Dati Personali da parte dei Destinatari avviene nel rispetto della Normativa Applicabile.<\/p>\n<p>6.\u00a0\u00a0 CONSERVAZIONE DEI DATI<\/p>\n<p>Reiterer &amp; Marangoni tratter\u00e0 i Dati Personali per il tempo strettamente necessario a raggiungere gli scopi indicati al punto 3. A titolo esemplificativo, Reiterer &amp; Marangoni tratter\u00e0 i Dati Personali per il servizio Newsletter fino a quando l\u2019utente non decider\u00e0 di revocare l\u2019iscrizione dal servizio, ovvero tratter\u00e0 i Dati Personali contenuti nei curricula che ricever\u00e0 per il tempo strettamente necessario alla valutazione e\/o ricerca del profilo professionale, e comunque per un periodo successivo non superiore a sei mesi. Fatto salvo quanto sopra, Reiterer &amp; Marangoni tratter\u00e0 i Dati Personali fino al tempo permesso dalla legge italiana a tutela dei propri interessi (Art. 2947, co. 1 e 3 c.c.). Maggiori informazioni in merito al periodo di conservazione dei Dati Personali e ai criteri utilizzati per determinare tale periodo possono essere richieste scrivendo a info@reiterer-marangoni.it.<\/p>\n<p>7.\u00a0\u00a0 I DIRITTI DELL\u2019UTENTE<\/p>\n<p>Nei limiti della Normativa Applicabile, l\u2019utente ha il diritto di chiedere a Reiterer &amp; Marangoni, in qualunque momento, l\u2019accesso ai Suoi Dati Personali, la rettifica o la cancellazione degli stessi o di opporsi al loro trattamento, la limitazione del trattamento nonch\u00e9 di ottenere in un formato strutturato, di uso comune e leggibile da dispositivo automatico i dati che lo riguardano.<\/p>\n<p>Le richieste vanno rivolte via e-mail all\u2019indirizzo: info@reiterer-marangoni.it.<\/p>\n<p>Ai sensi della Normativa Applicabile, l\u2019utente ha in ogni caso il diritto di proporre reclamo all\u2019autorit\u00e0 di controllo competente (Garante per la Protezione dei Dati Personali) qualora ritenesse che il trattamento dei Dati Personali sia contrario alla normativa vigente.<\/p>\n<p>8.\u00a0\u00a0 MODIFICHE<\/p>\n<p>La presente Privacy Policy \u00e8 in vigore dal 25 maggio 2018. Reiterer &amp; Marangoni si riserva di modificarne o semplicemente aggiornarne il contenuto, in parte o completamente, anche a causa di variazioni della Normativa Applicabile. Reiterer &amp; Marangoni invita quindi a visitare con regolarit\u00e0 questa sezione per prendere cognizione della pi\u00f9 recente ed aggiornata versione della Privacy Policy in modo da essere sempre aggiornati sui dati raccolti e sull\u2019uso che ne fa Reiterer &amp; Marangoni.<\/p>\n<p>&nbsp;<\/p>\n","protected":false},"excerpt":{"rendered":"<p>Lo studio legale associato Reiterer &amp; Marangoni con sede principale in Italia, 39100 Bolzano (BZ), Via Leonardo da Vinci 20\/B, Tel: 0471 970448, Email: info@reiterer-marangoni.it (di seguito \u201cReiterer &amp; Marangoni\u201d), in qualit\u00e0 di titolare del trattamento dei dati personali, ai sensi del D.lgs. 196\/2003 e [&hellip;]<\/p>\n","protected":false},"author":1,"featured_media":0,"parent":0,"menu_order":0,"comment_status":"closed","ping_status":"closed","template":"","meta":{"_acf_changed":false,"footnotes":""},"acf":[],"yoast_head":"<!-- This site is optimized with the Yoast SEO plugin v22.5 - https:\/\/yoast.com\/wordpress\/plugins\/seo\/ -->\n<title>Privacy - Reiterer &amp; Marangoni<\/title>\n<meta name=\"description\" content=\"Politica sulla privacy - protezione dei dati\" \/>\n<meta name=\"robots\" content=\"index, follow, max-snippet:-1, max-image-preview:large, max-video-preview:-1\" \/>\n<link rel=\"canonical\" href=\"https:\/\/www.reiterer-marangoni.it\/it\/privacy\/\" \/>\n<meta property=\"og:locale\" content=\"it_IT\" \/>\n<meta property=\"og:type\" content=\"article\" \/>\n<meta property=\"og:title\" content=\"Privacy - Reiterer &amp; Marangoni\" \/>\n<meta property=\"og:description\" content=\"Politica sulla privacy - protezione dei dati\" \/>\n<meta property=\"og:url\" content=\"https:\/\/www.reiterer-marangoni.it\/it\/privacy\/\" \/>\n<meta property=\"og:site_name\" content=\"Reiterer &amp; Marangoni\" \/>\n<meta property=\"article:modified_time\" content=\"2023-11-08T10:47:51+00:00\" \/>\n<meta name=\"twitter:card\" content=\"summary_large_image\" \/>\n<meta name=\"twitter:label1\" content=\"Est. reading time\" \/>\n\t<meta name=\"twitter:data1\" content=\"8 minuti\" \/>\n<script type=\"application\/ld+json\" class=\"yoast-schema-graph\">{\"@context\":\"https:\/\/schema.org\",\"@graph\":[{\"@type\":\"WebPage\",\"@id\":\"https:\/\/www.reiterer-marangoni.it\/it\/privacy\/\",\"url\":\"https:\/\/www.reiterer-marangoni.it\/it\/privacy\/\",\"name\":\"Privacy - Reiterer &amp; Marangoni\",\"isPartOf\":{\"@id\":\"https:\/\/www.reiterer-marangoni.it\/it\/#website\"},\"datePublished\":\"2023-10-30T08:54:55+00:00\",\"dateModified\":\"2023-11-08T10:47:51+00:00\",\"description\":\"Politica sulla privacy - protezione dei dati\",\"breadcrumb\":{\"@id\":\"https:\/\/www.reiterer-marangoni.it\/it\/privacy\/#breadcrumb\"},\"inLanguage\":\"it-IT\",\"potentialAction\":[{\"@type\":\"ReadAction\",\"target\":[\"https:\/\/www.reiterer-marangoni.it\/it\/privacy\/\"]}]},{\"@type\":\"BreadcrumbList\",\"@id\":\"https:\/\/www.reiterer-marangoni.it\/it\/privacy\/#breadcrumb\",\"itemListElement\":[{\"@type\":\"ListItem\",\"position\":1,\"name\":\"Home\",\"item\":\"https:\/\/www.reiterer-marangoni.it\/it\/\"},{\"@type\":\"ListItem\",\"position\":2,\"name\":\"Privacy\"}]},{\"@type\":\"WebSite\",\"@id\":\"https:\/\/www.reiterer-marangoni.it\/it\/#website\",\"url\":\"https:\/\/www.reiterer-marangoni.it\/it\/\",\"name\":\"Reiterer &amp; Marangoni\",\"description\":\"Avvocati\",\"potentialAction\":[{\"@type\":\"SearchAction\",\"target\":{\"@type\":\"EntryPoint\",\"urlTemplate\":\"https:\/\/www.reiterer-marangoni.it\/it\/?s={search_term_string}\"},\"query-input\":\"required name=search_term_string\"}],\"inLanguage\":\"it-IT\"}]}<\/script>\n<!-- \/ Yoast SEO plugin. -->","yoast_head_json":{"title":"Privacy - Reiterer &amp; Marangoni","description":"Politica sulla privacy - protezione dei dati","robots":{"index":"index","follow":"follow","max-snippet":"max-snippet:-1","max-image-preview":"max-image-preview:large","max-video-preview":"max-video-preview:-1"},"canonical":"https:\/\/www.reiterer-marangoni.it\/it\/privacy\/","og_locale":"it_IT","og_type":"article","og_title":"Privacy - Reiterer &amp; Marangoni","og_description":"Politica sulla privacy - protezione dei dati","og_url":"https:\/\/www.reiterer-marangoni.it\/it\/privacy\/","og_site_name":"Reiterer &amp; Marangoni","article_modified_time":"2023-11-08T10:47:51+00:00","twitter_card":"summary_large_image","twitter_misc":{"Est. reading time":"8 minuti"},"schema":{"@context":"https:\/\/schema.org","@graph":[{"@type":"WebPage","@id":"https:\/\/www.reiterer-marangoni.it\/it\/privacy\/","url":"https:\/\/www.reiterer-marangoni.it\/it\/privacy\/","name":"Privacy - Reiterer &amp; Marangoni","isPartOf":{"@id":"https:\/\/www.reiterer-marangoni.it\/it\/#website"},"datePublished":"2023-10-30T08:54:55+00:00","dateModified":"2023-11-08T10:47:51+00:00","description":"Politica sulla privacy - protezione dei dati","breadcrumb":{"@id":"https:\/\/www.reiterer-marangoni.it\/it\/privacy\/#breadcrumb"},"inLanguage":"it-IT","potentialAction":[{"@type":"ReadAction","target":["https:\/\/www.reiterer-marangoni.it\/it\/privacy\/"]}]},{"@type":"BreadcrumbList","@id":"https:\/\/www.reiterer-marangoni.it\/it\/privacy\/#breadcrumb","itemListElement":[{"@type":"ListItem","position":1,"name":"Home","item":"https:\/\/www.reiterer-marangoni.it\/it\/"},{"@type":"ListItem","position":2,"name":"Privacy"}]},{"@type":"WebSite","@id":"https:\/\/www.reiterer-marangoni.it\/it\/#website","url":"https:\/\/www.reiterer-marangoni.it\/it\/","name":"Reiterer &amp; Marangoni","description":"Avvocati","potentialAction":[{"@type":"SearchAction","target":{"@type":"EntryPoint","urlTemplate":"https:\/\/www.reiterer-marangoni.it\/it\/?s={search_term_string}"},"query-input":"required name=search_term_string"}],"inLanguage":"it-IT"}]}},"_links":{"self":[{"href":"https:\/\/www.reiterer-marangoni.it\/it\/wp-json\/wp\/v2\/pages\/554"}],"collection":[{"href":"https:\/\/www.reiterer-marangoni.it\/it\/wp-json\/wp\/v2\/pages"}],"about":[{"href":"https:\/\/www.reiterer-marangoni.it\/it\/wp-json\/wp\/v2\/types\/page"}],"author":[{"embeddable":true,"href":"https:\/\/www.reiterer-marangoni.it\/it\/wp-json\/wp\/v2\/users\/1"}],"replies":[{"embeddable":true,"href":"https:\/\/www.reiterer-marangoni.it\/it\/wp-json\/wp\/v2\/comments?post=554"}],"version-history":[{"count":5,"href":"https:\/\/www.reiterer-marangoni.it\/it\/wp-json\/wp\/v2\/pages\/554\/revisions"}],"predecessor-version":[{"id":4030,"href":"https:\/\/www.reiterer-marangoni.it\/it\/wp-json\/wp\/v2\/pages\/554\/revisions\/4030"}],"wp:attachment":[{"href":"https:\/\/www.reiterer-marangoni.it\/it\/wp-json\/wp\/v2\/media?parent=554"}],"curies":[{"name":"wp","href":"https:\/\/api.w.org\/{rel}","templated":true}]}}